{"id":938,"date":"2024-07-18T15:42:47","date_gmt":"2024-07-18T15:42:47","guid":{"rendered":"https:\/\/colegioraindrop.edu.mx\/?page_id=938"},"modified":"2024-07-31T18:46:31","modified_gmt":"2024-07-31T18:46:31","slug":"secundaria","status":"publish","type":"page","link":"https:\/\/colegioraindrop.edu.mx\/en\/secundaria\/","title":{"rendered":"Secondary school"},"content":{"rendered":"\n\n\nun futuro lleno de oportunidades\nsecundaria\n\n\n\n\n\n\n<p>Oferta educativa <\/p>\n\n\n<p><strong><span style=\"line-height: 1.5;\">En la educaci\u00f3n secundaria se abre un mundo de posibilidades donde cada ni\u00f1o y ni\u00f1a tiene la oportunidad de explorar, descubrir y crecer, no solo en aspectos acad\u00e9micos, sino tambi\u00e9n en el desarrollo emocional y social de cada estudiante. <\/span><span style=\"color: rgb(0, 0, 0); font-family: ui-sans-serif, -apple-system, system-ui, &quot;Segoe UI&quot;, Roboto, Ubuntu, Cantarell, &quot;Noto Sans&quot;, sans-serif, Helvetica, &quot;Apple Color Emoji&quot;, Arial, &quot;Segoe UI Emoji&quot;, &quot;Segoe UI Symbol&quot;; font-size: 50px; white-space-collapse: preserve; line-height: 1.5;\"> <\/span><\/strong><br><\/p>\n\n\n\n\n<p>Lorem Ipsum has been the industry&#8217;s standard dummy text ever since the 1500s.<\/p>\n<p>Lorem Ipsum has been the industry&#8217;s standard dummy text ever since the 1500s.<\/p>\n\n\nEn el Colegio de Excelencia Raindrop, la educaci\u00f3n secundaria se enfoca en una experiencia enriquecedora que prepara a los estudiantes para enfrentar desaf\u00edos acad\u00e9micos y personales con confianza.<br><br> Contamos con:\n<p><span style=\"font-size: 40px; color: #66aae3ff;\">\u2714<\/span>  <span style=\"color: rgb(0, 0, 0); font-family: Poppins; font-size: 17px;\">Sistema biling\u00fce con excelente nivel de Ingl\u00e9s (Certificaci\u00f3n Cambridge).<\/span><\/p>\n\n<p [object NamedNodeMap]><span style=\"font-size: 40px; color: #66aae3ff;\">\u2714<\/span> <span style=\"color: rgb(0, 0, 0); font-family: Poppins; font-size: 17px;\"> Laboratorio de ciencias bien equipado.<\/span><\/p>\n\n<p><span style=\"font-size: 40px; color: #66aae3ff\">\u2714<\/span>   <span style=\"color: rgb(0, 0, 0); font-family: Poppins; font-size: 17px;\">Participaci\u00f3n en concursos nacionales e Internacionales.<\/span><\/p>\n\n<p [object NamedNodeMap]><span style=\"font-size: 40px; color: #66aae3ff\">\u2714<\/span>   <span style=\"color: rgb(0, 0, 0); font-family: Poppins; font-size: 17px;\">Aulas digitales (pizarr\u00f3n inteligente y chromebooks).<\/span><\/p>\n\n\n<p [object NamedNodeMap]><span style=\"font-size: 40px; color: #66aae3ff\">\u2714<\/span>  <span style=\"color: rgb(0, 0, 0); font-family: Poppins; font-size: 17px;\">  Desarrollo en un ambiente multicultural.<\/span><\/p>\n\n<p><span style=\"font-size: 40px; color: #66aae3ff\">\u2714<\/span>  <span style=\"color: rgb(0, 0, 0); font-family: Poppins; font-size: 17px;\"> Grupos reducidos.<\/span><\/p>\n<p [object NamedNodeMap]><span style=\"font-size: 40px; color: #66aae3ff\">\u2714<\/span>   <span style=\"color: rgb(0, 0, 0); font-family: Poppins; font-size: 17px;\">Talleres extracurriculares.<\/span><\/p>\n<p><span style=\"font-size: 40px; color: #66aae3ff\">\u2714<\/span>   <span style=\"color: rgb(0, 0, 0); font-family: Poppins; font-size: 17px;\">Alto desarrollo del idioma Turco.<\/span><\/p>\n\n<p [object NamedNodeMap]><span style=\"font-size: 40px; color: #66aae3ff\">\u2714<\/span>  <span style=\"color: rgb(0, 0, 0); font-family: Poppins; font-size: 17px;\">  Estancia.<\/span><\/p>\n\n\n\n\n\n<p style=\"text-align: center;\"><span style=\"color: rgb(0, 0, 0); font-family: Poppins; font-size: 17px; line-height: 1.7; font-weight:300;\">Contamos con la incorporaci\u00f3n a la<\/span><span style=\"color: rgb(0, 0, 0); font-family: Poppins; font-size: 17px; line-height: 1.7;\"><strong> SEP<\/strong><\/span><span style=\"color: rgb(0, 0, 0); font-family: Poppins; font-size: 17px; line-height: 1.7; font-weight:300;\">, con clave <\/span><span style=\"color: rgb(0, 0, 0); font-family: Poppins; font-size: 17px; line-height: 1.7;\"><strong>15JN2675L<\/strong><\/span><span style=\"color: rgb(0, 0, 0); font-family: Poppins; font-size: 17px; line-height: 1.7; font-weight:300;\">, garantizando as\u00ed una educaci\u00f3n de calidad respaldada por el sistema educativo nacional.<\/span><\/p>\n<p>Lorem Ipsum has been the industry&#8217;s standard dummy text ever since the 1500s.<\/p>\n\n\n\n\n\n\n\n\n\n<p>ENFOQUE PEDAG\u00d3GICO<\/p>\n\nNuestro aprendizaje constructivista se enfoca en la creaci\u00f3n de un ambiente de aprendizaje colaborativo, donde los estudiantes pueden trabajar juntos para explorar y descubrir nuevos conceptos y principios.\n\n\n\n\n\n\n\n\n\n\n\n\n\n\n\n\n\n<p style=\"text-align: center; \"><span style=\"line-height:1.3;color: rgb(0, 0, 0);\">En Raindrop, cultivamos el amor por la lectura y escritura con una amplia gama de actividades con el objetivo de desarrollar las habilidades ling\u00fc\u00edsticas de cada ni\u00f1o, de manera c\u00e1lida y personalizada.<\/span> <\/p>\n\n\n\n\n\n\n\n\n\n\n\n\n\n\n\n<p style=\"text-align: center; \"><span style=\"line-height:1.3;color: rgb(0, 0, 0);\">La autonom\u00eda de tus hijos es una prioridad de cada profesor; les brindamos las herramientas necesarias para tomar decisiones responsables y desarrollar su autodeterminaci\u00f3n.<\/span><\/p>\n\n\n\n\n\n\n\n\n\n\n\n\n\n\n\n\n\n\n\n\n\n\n\n\n\n\n\n\n\n\n\n\n<p style=\"text-align: center; \"><span style=\"line-height:1.3;color: rgb(0, 0, 0);\">En nuestra comunidad escolar, promovemos valores como el respeto, la integridad y la solidaridad, pilares fundamentales para forjar ciudadanos \u00edntegros y comprometidos con el bien com\u00fan.<\/span><\/p>\n\n\n\n\n\n\n\n\n\n\n\n\n\n\n\n\n\n<p style=\"text-align: center; \"><span style=\"line-height: 1.3; color: rgb(0, 0, 0); \"><strong><\/strong>Fomentamos el desarrollo del pensamiento cient\u00edfico desde temprana edad, centrado en la exploraci\u00f3n y el descubrimiento, nutriendo su curiosidad todos los d\u00edas, prepar\u00e1ndolos para un futuro brillante.<\/span><\/p>\n\n\n\n\n\n\n\n\n\n\n\n\n\n\n\n<p style=\"text-align: center; \"><span style=\"line-height:1.3;color: rgb(0, 0, 0);\">Priorizamos la educaci\u00f3n socioemocional de tus hijos centrados en el bienestar, para fomentar habilidades como empat\u00eda y resiliencia, para enfrentar el mundo con confianza y compasi\u00f3n.<\/span><\/p>\n\n\n\n\n\n\n\n\n<p>Talleres adicionales<\/p>\n\n<p>Explora nuestros talleres dise\u00f1ados para fortalecer valores y habilidades fundamentales, promoviendo un desarrollo integral y positivo en su hijo.<\/p>\n<p style=\"text-align: center; font-size: medium; line-height: 1.2; color: #373A40\">Nuestras aulas de rob\u00f3tica est\u00e1n dise\u00f1adas para nutrir el aprendizaje tecnol\u00f3gico, preparando a los estudiantes para un futuro lleno de posibilidades.<\/p>\n<p style=\"text-align: center; font-size: medium; line-height: 1.2; color: #373A40\">A trav\u00e9s de din\u00e1micas y pr\u00e1cticas en el idioma ingl\u00e9s, nuestros estudiantes adquieren habilidades ling\u00fc\u00edsticas s\u00f3lidas, lo cual fortalece su confianza y fluidez en el idioma.<\/p>\n<p style=\"text-align: center; font-size: medium; line-height: 1.2; color: #373A40\">Sorpr\u00e9ndete con nuestras clases de ajedrez, ideal como una herramienta educativa que incrementa las habilidades de concentraci\u00f3n, estrategia y creatividad.<\/p>\n<p style=\"text-align: center; font-size: medium; line-height: 1.2; color: #373A40\">En Raindrop, las actividades deportivas no son solo una opci\u00f3n, son una parte esencial de la educaci\u00f3n de nuestros estudiantes. Desde f\u00fatbol hasta b\u00e1dminton, cada disciplina fomenta valores como el compromiso y la superaci\u00f3n personal. <\/p>\n\n\n\n\n\n\n\n<h2>Secundaria: retos y superaci\u00f3n<\/h2>\n\nEn Raindrop, entendemos que cada ni\u00f1o merece una educaci\u00f3n de excelencia. Es por eso que nuestro enfoque familiar garantiza un ambiente c\u00e1lido desde el primer d\u00eda, permitiendo que cada estudiante se desarrolle plenamente tanto acad\u00e9mica como personalmente.\n\n\n\n<p style=\"text-align: center; \"><span style=\"font-size: 24px; color: rgb(255, 255, 255);\">Dibujo familiar<\/span><\/p>\n\n\n<p style=\"text-align: center; \"><span style=\"font-size: 24px; color: rgb(255, 255, 255);\">Online Giving<\/span><\/p>\n\n\n\n\n<p style=\"text-align: center; \"><span style=\"font-size: 24px; color: rgb(255, 255, 255);\">Awareness Event<\/span><\/p>\n\n\n<p style=\"text-align: center; \"><span style=\"font-size: 24px; color: rgb(255, 255, 255);\">Educaci\u00f3n emocional<\/span><\/p>\n\n\n\n\n<p style=\"text-align: center; \"><span style=\"font-size: 24px; color: rgb(255, 255, 255);\">The Sermons<\/span><\/p>\n\n\n<p style=\"text-align: center; \"><font color=\"#ffffff\"><span style=\"font-size: 24px;\">The C<\/span><\/font><span style=\"background-color: transparent; font-size: 24px;\"><font color=\"#ffffff\">rucifix<\/font><\/span><\/p>\n\n\n\n\n\n\n\n\n<h2>Nuestros alumnos<\/h2>\n\n\n\nNuestros alumnos elogian el colegio como su segunda familia debido a su impacto crucial en su desarrollo educativo y personal.\n\n\n<p style=\"font-family:cabin;font-size:16px;line-height:1.5;color:#5d5d5d;\">Una de las cosas m\u00e1s incre\u00edbles que Raindrop me dejo\u00a0 son los idiomas, entonces hoy de verdad que agradezco much\u00edsimo que mis clases en Raindrop fueran en ingl\u00e9s porque me prepararon para el mundo profesional sin saber que en alg\u00fan momento me estaban preparando para el mundo profesional.<\/p>\n<p style=\"font-family:cabin;font-size:16px;line-height:1.5;color:#5d5d5d;\">La verdad tanto yo como mi familia quedamos simplemente fascinados por como su nombre lo dice es un colegio de excelencia y tiene un nivel acad\u00e9mico exquisito que simplemente me dio las bases y herramientas necesarias para poder haber estudiado en el extranjero por a\u00f1o y medio. <\/p>\n<p style=\"font-family:cabin;font-size:16px;line-height:1.5;color:#5d5d5d;\">En Raindrop aprend\u00ed la multiculturalidad en todo su esplendor me gusta mucho Raindrop por qu\u00e9 siempre aprendes diferentes formas de pensar, actuar, llevar a cabo las cosas cuando escucho Raindrop solamente me puedo sentir agradecido y orgulloso de pertenecer a esta gran familia y a esta gran escuela.<\/p>\n\n\n\n\n\n\n<h2>Contacta con un experto educativo<\/h2>\n\n\nDescubre porque cada estudiante es parte de nuestra familia; cada momento lo vemos como una oportunidad para cultivar conocimientos y conexiones que perduran toda la vida.\n\n\n\n\n\n\n<p><span style=\"border: 0px solid rgb(227, 227, 227); --tw-border-spacing-x: 0; --tw-border-spacing-y: 0; --tw-translate-x: 0; --tw-translate-y: 0; --tw-rotate: 0; --tw-skew-x: 0; --tw-skew-y: 0; --tw-scale-x: 1; --tw-scale-y: 1; --tw-pan-x: ; --tw-pan-y: ; --tw-pinch-zoom: ; --tw-scroll-snap-strictness: proximity; --tw-gradient-from-position: ; --tw-gradient-via-position: ; --tw-gradient-to-position: ; --tw-ordinal: ; --tw-slashed-zero: ; --tw-numeric-figure: ; --tw-numeric-spacing: ; --tw-numeric-fraction: ; --tw-ring-inset: ; --tw-ring-offset-width: 0px; --tw-ring-offset-color: #fff; --tw-ring-color: rgba(69,89,164,.5); --tw-ring-offset-shadow: 0 0 transparent; --tw-ring-shadow: 0 0 transparent; --tw-shadow: 0 0 transparent; --tw-shadow-colored: 0 0 transparent; --tw-blur: ; --tw-brightness: ; --tw-contrast: ; --tw-grayscale: ; --tw-hue-rotate: ; --tw-invert: ; --tw-saturate: ; --tw-sepia: ; --tw-drop-shadow: ; --tw-backdrop-blur: ; --tw-backdrop-brightness: ; --tw-backdrop-contrast: ; --tw-backdrop-grayscale: ; --tw-backdrop-hue-rotate: ; --tw-backdrop-invert: ; --tw-backdrop-opacity: ; --tw-backdrop-saturate: ; --tw-backdrop-sepia: ; --tw-contain-size: ; --tw-contain-layout: ; --tw-contain-paint: ; --tw-contain-style: ; font-weight: 400; color: rgb(13, 13, 13); font-family: ui-sans-serif, -apple-system, system-ui, &quot;Segoe UI&quot;, Roboto, Ubuntu, Cantarell, &quot;Noto Sans&quot;, sans-serif, Helvetica, &quot;Apple Color Emoji&quot;, Arial, &quot;Segoe UI Emoji&quot;, &quot;Segoe UI Symbol&quot;; font-size: 17px; white-space-collapse: preserve; background-color: rgb(0,0,0,); text-decoration-style: initial;\"><span style=\"line-height:1.7;\">Agenda una visita hoy mismo y descubre por qu\u00e9 Raindrop es el colegio de excelencia que tu hijo merece.<\/span><\/p>\n\n\n\n\n\n\n\n\n\n\n\n\n\n\n\n\n\n\n\n\n\n","protected":false},"excerpt":{"rendered":"","protected":false},"author":1,"featured_media":0,"parent":0,"menu_order":0,"comment_status":"closed","ping_status":"closed","template":"","meta":{"pagelayer_contact_templates":[],"_pagelayer_content":"","footnotes":""},"class_list":["post-938","page","type-page","status-publish","hentry"],"_links":{"self":[{"href":"https:\/\/colegioraindrop.edu.mx\/en\/wp-json\/wp\/v2\/pages\/938"}],"collection":[{"href":"https:\/\/colegioraindrop.edu.mx\/en\/wp-json\/wp\/v2\/pages"}],"about":[{"href":"https:\/\/colegioraindrop.edu.mx\/en\/wp-json\/wp\/v2\/types\/page"}],"author":[{"embeddable":true,"href":"https:\/\/colegioraindrop.edu.mx\/en\/wp-json\/wp\/v2\/users\/1"}],"replies":[{"embeddable":true,"href":"https:\/\/colegioraindrop.edu.mx\/en\/wp-json\/wp\/v2\/comments?post=938"}],"version-history":[{"count":22,"href":"https:\/\/colegioraindrop.edu.mx\/en\/wp-json\/wp\/v2\/pages\/938\/revisions"}],"predecessor-version":[{"id":1849,"href":"https:\/\/colegioraindrop.edu.mx\/en\/wp-json\/wp\/v2\/pages\/938\/revisions\/1849"}],"wp:attachment":[{"href":"https:\/\/colegioraindrop.edu.mx\/en\/wp-json\/wp\/v2\/media?parent=938"}],"curies":[{"name":"wp","href":"https:\/\/api.w.org\/{rel}","templated":true}]}}