{"id":1770,"date":"2024-07-29T18:39:40","date_gmt":"2024-07-29T18:39:40","guid":{"rendered":"https:\/\/colegioraindrop.edu.mx\/?page_id=1770"},"modified":"2025-08-19T16:30:39","modified_gmt":"2025-08-19T16:30:39","slug":"utiles-escolares","status":"publish","type":"page","link":"https:\/\/colegioraindrop.edu.mx\/en\/utiles-escolares\/","title":{"rendered":"School Supplies"},"content":{"rendered":"<h2>Official Supplies list 2024<\/h2>\n\n<p>Welcome to the school supplies section for the 2024 academic year.<br> En esta p\u00e1gina, encontrar\u00e1 la lista detallada de los materiales necesarios para cada nivel educativo.<\/p>\n\n\n\n\n<p style=\"text-align: center;\"><span style=\"color: rgb(0, 0, 0); font-family: Poppins; font-size: 15px; line-height: 1.5;\">Download the list of supplies for preschool and get ready with everything needed for a fun year.<\/span><br><\/p>\n\n\n\n\n\n<p style=\"text-align: center;\"><span style=\"color: rgb(0, 0, 0); font-family: Poppins; font-size: 15px; line-height: 1.5;\">Get the materials list for primary school and find everything your children need for a successful school year.<\/span><\/p>\n\n\n\n\n\n\n\n\n\n\n<p style=\"text-align: center;\"><span style=\"color: rgb(0, 0, 0); font-family: Poppins; font-size: 15px; line-height: 1.5;\">Access the complete list of supplies and start the year with everything needed for secondary school.<\/span><\/p>\n\n\n\n\n\n\n\n\n<h2>Contact an education expert<\/h2>\n\n\nTienes alguna pregunta o necesita m\u00e1s informaci\u00f3n, no dudes en contactarnos a trav\u00e9s del siguiente formulario.\n\n\n\n\n\n\nCONT\u00c1CTENOS\n<p><span style=\"border: 0px solid rgb(227, 227, 227); --tw-border-spacing-x: 0; --tw-border-spacing-y: 0; --tw-translate-x: 0; --tw-translate-y: 0; --tw-rotate: 0; --tw-skew-x: 0; --tw-skew-y: 0; --tw-scale-x: 1; --tw-scale-y: 1; --tw-pan-x: ; --tw-pan-y: ; --tw-pinch-zoom: ; --tw-scroll-snap-strictness: proximity; --tw-gradient-from-position: ; --tw-gradient-via-position: ; --tw-gradient-to-position: ; --tw-ordinal: ; --tw-slashed-zero: ; --tw-numeric-figure: ; --tw-numeric-spacing: ; --tw-numeric-fraction: ; --tw-ring-inset: ; --tw-ring-offset-width: 0px; --tw-ring-offset-color: #fff; --tw-ring-color: rgba(69,89,164,.5); --tw-ring-offset-shadow: 0 0 transparent; --tw-ring-shadow: 0 0 transparent; --tw-shadow: 0 0 transparent; --tw-shadow-colored: 0 0 transparent; --tw-blur: ; --tw-brightness: ; --tw-contrast: ; --tw-grayscale: ; --tw-hue-rotate: ; --tw-invert: ; --tw-saturate: ; --tw-sepia: ; --tw-drop-shadow: ; --tw-backdrop-blur: ; --tw-backdrop-brightness: ; --tw-backdrop-contrast: ; --tw-backdrop-grayscale: ; --tw-backdrop-hue-rotate: ; --tw-backdrop-invert: ; --tw-backdrop-opacity: ; --tw-backdrop-saturate: ; --tw-backdrop-sepia: ; --tw-contain-size: ; --tw-contain-layout: ; --tw-contain-paint: ; --tw-contain-style: ; font-weight: 400; color: rgb(13, 13, 13); font-family: ui-sans-serif, -apple-system, system-ui, &quot;Segoe UI&quot;, Roboto, Ubuntu, Cantarell, &quot;Noto Sans&quot;, sans-serif, Helvetica, &quot;Apple Color Emoji&quot;, Arial, &quot;Segoe UI Emoji&quot;, &quot;Segoe UI Symbol&quot;; font-size: 17px; white-space-collapse: preserve; background-color: rgb(0,0,0,); text-decoration-style: initial;\"><span style=\"line-height:1.7;\">Schedule a visit today and discover why Raindrop is the excellence school your child deserves.<\/span><\/span><\/p>","protected":false},"excerpt":{"rendered":"","protected":false},"author":1,"featured_media":0,"parent":0,"menu_order":0,"comment_status":"closed","ping_status":"closed","template":"","meta":{"pagelayer_contact_templates":[],"_pagelayer_content":"","footnotes":""},"class_list":["post-1770","page","type-page","status-publish","hentry"],"_links":{"self":[{"href":"https:\/\/colegioraindrop.edu.mx\/en\/wp-json\/wp\/v2\/pages\/1770"}],"collection":[{"href":"https:\/\/colegioraindrop.edu.mx\/en\/wp-json\/wp\/v2\/pages"}],"about":[{"href":"https:\/\/colegioraindrop.edu.mx\/en\/wp-json\/wp\/v2\/types\/page"}],"author":[{"embeddable":true,"href":"https:\/\/colegioraindrop.edu.mx\/en\/wp-json\/wp\/v2\/users\/1"}],"replies":[{"embeddable":true,"href":"https:\/\/colegioraindrop.edu.mx\/en\/wp-json\/wp\/v2\/comments?post=1770"}],"version-history":[{"count":25,"href":"https:\/\/colegioraindrop.edu.mx\/en\/wp-json\/wp\/v2\/pages\/1770\/revisions"}],"predecessor-version":[{"id":1903,"href":"https:\/\/colegioraindrop.edu.mx\/en\/wp-json\/wp\/v2\/pages\/1770\/revisions\/1903"}],"wp:attachment":[{"href":"https:\/\/colegioraindrop.edu.mx\/en\/wp-json\/wp\/v2\/media?parent=1770"}],"curies":[{"name":"wp","href":"https:\/\/api.w.org\/{rel}","templated":true}]}}