{"id":12,"date":"2024-07-18T22:26:37","date_gmt":"2024-07-18T22:26:37","guid":{"rendered":"https:\/\/colegioraindrop.edu.mx\/home\/"},"modified":"2025-09-08T16:08:19","modified_gmt":"2025-09-08T16:08:19","slug":"inicio","status":"publish","type":"page","link":"https:\/\/colegioraindrop.edu.mx\/en\/","title":{"rendered":"Home"},"content":{"rendered":"\n\n\n\n\n\n\n\nExplorando el conocimiento desde la\n\n\n<p [object NamedNodeMap]><mark style=\"background-color:rgba(0, 0, 0, 0)\" class=\"has-inline-color has-white-color\">Fomentamos un entorno de convivencia donde el motor es el aprendizaje.<\/mark><span style=\"font-size:x-small;\"><span style=\"\"><\/span><\/span><\/p>\n\n\n\n\n\n\n\n\n\nFormamos estudiantes preparados para los desaf\u00edos del\n\n\n<p [object NamedNodeMap]><mark style=\"background-color:rgba(0, 0, 0, 0)\" class=\"has-inline-color has-white-color\">Desarrollamos lideres con mentes innovadoras.<\/mark><\/p>\n\n\n\n\n\n\n\n\n\nImpulsamos el trabajo en equipo para habilidades\n\n\n<p [object NamedNodeMap]><mark style=\"background-color:rgba(0, 0, 0, 0)\" class=\"has-inline-color has-white-color\">Construimos ciudadanos conscientes y comprometidos.<\/mark><\/p>\n\n\n\n\n\n\n\n\n\nHabilidades del siglo XXI para un mundo\n\n\n<p [object NamedNodeMap]><mark style=\"background-color:rgba(0, 0, 0, 0)\" class=\"has-inline-color has-white-color\">Involucramos a una ciudadan\u00eda global, humana, din\u00e1mica y en constante transformaci\u00f3n.<\/mark><\/p>\n\n\n\n\n\n\n\n\n\n\n\nExplorando el conocimiento desde la\n\n\n<p [object NamedNodeMap]><mark style=\"background-color:rgba(0, 0, 0, 0)\" class=\"has-inline-color has-white-color\">Fomentamos un entorno de convivencia donde el motor es el aprendizaje.<\/mark><span style=\"font-size:x-small;\"><span style=\"\"><\/span><\/span><\/p>\n\n\n\n\n\n\n\n\n\nFormamos estudiantes preparados para los desaf\u00edos del\n\n\n<p [object NamedNodeMap]><mark style=\"background-color:rgba(0, 0, 0, 0)\" class=\"has-inline-color has-white-color\">Desarrollamos lideres con mentes innovadoras.<\/mark><\/p>\n\n\n\n\n\n\n\n\n\nImpulsamos el trabajo en equipo para habilidades\n\n\n<p [object NamedNodeMap]><mark style=\"background-color:rgba(0, 0, 0, 0)\" class=\"has-inline-color has-white-color\">Construimos ciudadanos conscientes y comprometidos.<\/mark><\/p>\n\n\n\n\n\n\n\n\n\nHabilidades del siglo XXI para un mundo\n\n\n<p [object NamedNodeMap]><mark style=\"background-color:rgba(0, 0, 0, 0)\" class=\"has-inline-color has-white-color\">Involucramos a una ciudadan\u00eda global, humana, din\u00e1mica y en constante transformaci\u00f3n.<\/mark><\/p>\n\n\n\n\n\n\n\n\n\n\n\n<h2>Garant\u00eda de excelencia acad\u00e9mica<\/h2>\n\n\n\n\n\n<p>Lorem Ipsum has been the industry&#8217;s standard dummy text ever since the 1500s.<\/p>\n\n\n\n\n<p [object NamedNodeMap]><span id=\"docs-internal-guid-88691896-7fff-2e79-e6a6-5fb04c5fc38a\"><\/span><span style=\"font-size: 11pt; font-family: Arial, sans-serif; color: rgb(35, 31, 32); background-color: transparent; font-style: normal; font-variant: normal; text-decoration: none; vertical-align: baseline; white-space: pre-wrap;\">El Colegio de Excelencia Raindrop<\/span><span style=\"font-weight: 700; font-size: 11pt; font-family: Arial, sans-serif; color: rgb(35, 31, 32); background-color: transparent; font-style: normal; font-variant: normal; text-decoration: none; vertical-align: baseline; white-space: pre-wrap;\"> (CER) <\/span><span style=\"font-weight: 400; font-size: 11pt; font-family: Arial, sans-serif; color: rgb(35, 31, 32); background-color: transparent; font-style: normal; font-variant: normal; text-decoration: none; vertical-align: baseline; white-space: pre-wrap;\">es una escuela particular biling\u00fce y multicultural que inici\u00f3 sus operaciones en 2005. Ofrece a la comunidad educativa estudios de educaci\u00f3n preescolar, primaria y secundaria incorporados a la Secretar\u00eda de Educaci\u00f3n P\u00fablica, adem\u00e1s de educaci\u00f3n media superior incorporada a la UNAM con el sistema CCH.<\/span><\/p>\n\n\n<p style=\"font-family:cabin;font-size:14px;line-height:1.8;font-weight:300;color:#5d5d5d;\"><span id=\"docs-internal-guid-88691896-7fff-2e79-e6a6-5fb04c5fc38a\"><\/span><\/p><p dir=\"ltr\" style=\"line-height:1.7999999999999998;margin-right: 2.2pt;text-align: justify;margin-top:10pt;margin-bottom:0pt;\"><span style=\"font-size:11pt;font-family:Arial,sans-serif;color:#231f20;background-color:transparent;font-weight:400;font-style:normal;font-variant:normal;text-decoration:none;vertical-align:baseline;white-space:pre;white-space:pre-wrap;\">Tenemos como prop\u00f3sito la educaci\u00f3n integral, para lo cual nuestros estudiantes deben formarse con un claro compromiso social y ser cuidadosos del medio ambiente, vinculando los conocimientos cient\u00edficos y human\u00edsticos. Pretendemos fortalecer los valores \u00e9ticos a fin de que nuestros alumnos los integren en s\u00ed mismos, creando su propia personalidad dentro de un ambiente de compa\u00f1erismo, respeto y disciplina.<\/span><\/p>\n\n\n\n\n\n\n\n\n\n<h2>Lo que nos hace \u00fanicos<\/h2>\n\n\n\n<p [object NamedNodeMap]><strong><span style=\"line-height: 1.5;\">Nuestra instituci\u00f3n ofrece clases con grupos reducidos, tutores comprometidos y atenci\u00f3n individualizada lo que nos distingue como un colegio que brinda una experiencia educativa excepcional. <\/span><\/strong><br><\/p>\n\n\n\n\n<p [object NamedNodeMap]><mark style=\"background-color:rgba(0, 0, 0, 0)\" class=\"has-inline-color has-white-color\">Contamos con grupos reducidos, lo que fomentan el aprendizaje cercano y personalizado, creando una experiencia \u00fanica.<\/mark><\/p>\n\n\n\n\n<p [object NamedNodeMap]><mark style=\"background-color:rgba(0, 0, 0, 0)\" class=\"has-inline-color has-white-color\">Nuestros docentes brindan inspiraci\u00f3n y gu\u00eda con entusiasmo, fomentando un entorno de aprendizaje motivador para cada estudiante.<\/mark><\/p>\n\n\n\n\n<p [object NamedNodeMap]><mark style=\"background-color:rgba(0, 0, 0, 0)\" class=\"has-inline-color has-white-color\">Con nuestro seguimiento personalizado, cada alumno recibe la atenci\u00f3n y el apoyo necesario para impulsar sus competencias en la vida profesional.<\/mark><\/p>\n\n\n\n\n<p [object NamedNodeMap]><mark style=\"background-color:rgba(0, 0, 0, 0)\" class=\"has-inline-color has-white-color\">Contamos con validez oficial ante la SEP e incorporaci\u00f3n a la UNAM, garantizando una educaci\u00f3n de excelencia y de reconocimiento nacional.<\/mark><\/p>\n\n\n\n\n\n\n\n\n<h2>Oferta academica<\/h2>\n\n\n\n<p [object NamedNodeMap]><strong><span style=\"line-height: 1.5;\">En Raindrop, contamos con programas educativos dise\u00f1ados para cada nivel, asegurando una formaci\u00f3n integral que abarca <br>conocimientos acad\u00e9micos, habilidades socioemocionales y valores esenciales para la vida. <\/span><\/strong <\/p>\n\n\n\nLorem Ipsum has been the industry&#8217;s standard dummy text ever since the 1500s, when an unknown printer took a galley of type and scrambled it to make a type specimen book.\n\n\nLorem Ipsum has been the industry&#8217;s standard dummy text ever since the 1500s, when an unknown printer took a galley of type and scrambled it to make a type specimen book.\n\n\nLorem Ipsum has been the industry&#8217;s standard dummy text ever since the 1500s, when an unknown printer took a galley of type and scrambled it to make a type specimen book.\n\n\nLorem Ipsum has been the industry&#8217;s standard dummy text ever since the 1500s, when an unknown printer took a galley of type and scrambled it to make a type specimen book.\n\n\n\n\n\n\n\n\n<h2>Nuestros alumnos<\/h2>\n\n\n\nNuestros alumnos elogian el colegio como su segunda familia debido a su impacto crucial en su desarrollo educativo y personal.\n\n\n\n<p [object NamedNodeMap]>Una de las cosas m\u00e1s incre\u00edbles que Raindrop me dejo\u00a0 son los idiomas, entonces hoy de verdad que agradezco much\u00edsimo que mis clases en Raindrop fueran en ingl\u00e9s porque me prepararon para el mundo profesional sin saber que en alg\u00fan momento me estaban preparando para el mundo profesional.<\/p>\n\n\n<p [object NamedNodeMap]>La verdad tanto yo como mi familia quedamos simplemente fascinados por como su nombre lo dice es un colegio de excelencia y tiene un nivel acad\u00e9mico exquisito que simplemente me dio las bases y herramientas necesarias para poder haber estudiado en el extranjero por a\u00f1o y medio.<\/p>\n\n\n<p [object NamedNodeMap]>En Raindrop aprend\u00ed la multiculturalidad en todo su esplendor me gusta mucho Raindrop por qu\u00e9 siempre aprendes diferentes formas de pensar, actuar, llevar a cabo las cosas cuando escucho Raindrop solamente me puedo sentir agradecido y orgulloso de pertenecer a esta gran familia y a esta gran escuela.<\/p>\n\n\n\n\n\n\n\n<h2>Nuestros espacios<\/h2>\n\n\n\n<p [object NamedNodeMap]><strong><span style=\"line-height: 1.5;\">Nuestras instalaciones estan dise\u00f1adas para fortalecer el aprendizaje y la creatividad.<\/span><\/strong><br><\/p>\n\n\n\nLorem Ipsum has been the industry&#8217;s standard dummy text ever since the 1500s, when an unknown printer took a galley of type and scrambled it to make a type specimen book.\n\n\nLorem Ipsum has been the industry&#8217;s standard dummy text ever since the 1500s, when an unknown printer took a galley of type and scrambled it to make a type specimen book.\n\n\nLorem Ipsum has been the industry&#8217;s standard dummy text ever since the 1500s, when an unknown printer took a galley of type and scrambled it to make a type specimen book.\n\n\nLorem Ipsum has been the industry&#8217;s standard dummy text ever since the 1500s, when an unknown printer took a galley of type and scrambled it to make a type specimen book.\n\n\n\n\n\n\n\n\n\n\n\n\n<h2>Nuestros colaboradores clave<\/h2>\n\n\n\nConoce a nuestros aliados estrat\u00e9gicos, fundamentales en el camino hacia la excelencia educativa<br> y el desarrollo integral de nuestros estudiantes.\n\n\n\n\n\n\n\n\n<p><span style=\"font-size: 28px; color: rgb(255, 255, 255);\"><strong style=\"font-size: 35px;\">ILLUSTRATION<\/strong><\/span><\/p>\n\n\n\n\n<p><span style=\"font-size: 28px; color: rgb(255, 255, 255);\"><strong style=\"font-size: 35px;\">ILLUSTRATION<\/strong><\/span><\/p>\n\n\n\n\n<p><span style=\"font-size: 28px; color: rgb(255, 255, 255);\"><strong style=\"font-size: 35px;\">ILLUSTRATION<\/strong><\/span><\/p>\n\n\n\n\n<p><span style=\"font-size: 28px; color: rgb(255, 255, 255);\"><strong style=\"font-size: 35px;\">ILLUSTRATION<\/strong><\/span><\/p>\n\n\n\n\n<p><span style=\"font-size: 28px; color: rgb(255, 255, 255);\"><strong style=\"font-size: 35px;\">ILLUSTRATION<\/strong><\/span><\/p>\n\n\n\n\n<p><span style=\"font-size: 28px; color: rgb(255, 255, 255);\"><strong style=\"font-size: 35px;\">ILLUSTRATION<\/strong><\/span><\/p>\n\n\n\n\n<p><span style=\"font-size: 28px; color: rgb(255, 255, 255);\"><strong style=\"font-size: 35px;\">ILLUSTRATION<\/strong><\/span><\/p>\n\n\n\n\n\n\n\n\n\n\n\n\n\n\n\n\n<h2>Contacta con un experto educativo<\/h2>\n\n\n\nDescubre porque cada estudiante es parte de nuestra familia; cada momento lo vemos como una oportunidad para cultivar conocimientos y conexiones que perduran toda la vida.\n\n\n\n\n\n\n\n\nCONT\u00c1CTENOS\n\n\n<p><span style=\"border: 0px solid rgb(227, 227, 227); --tw-border-spacing-x: 0; --tw-border-spacing-y: 0; --tw-translate-x: 0; --tw-translate-y: 0; --tw-rotate: 0; --tw-skew-x: 0; --tw-skew-y: 0; --tw-scale-x: 1; --tw-scale-y: 1; --tw-pan-x: ; --tw-pan-y: ; --tw-pinch-zoom: ; --tw-scroll-snap-strictness: proximity; --tw-gradient-from-position: ; --tw-gradient-via-position: ; --tw-gradient-to-position: ; --tw-ordinal: ; --tw-slashed-zero: ; --tw-numeric-figure: ; --tw-numeric-spacing: ; --tw-numeric-fraction: ; --tw-ring-inset: ; --tw-ring-offset-width: 0px; --tw-ring-offset-color: #fff; --tw-ring-color: rgba(69,89,164,.5); --tw-ring-offset-shadow: 0 0 transparent; --tw-ring-shadow: 0 0 transparent; --tw-shadow: 0 0 transparent; --tw-shadow-colored: 0 0 transparent; --tw-blur: ; --tw-brightness: ; --tw-contrast: ; --tw-grayscale: ; --tw-hue-rotate: ; --tw-invert: ; --tw-saturate: ; --tw-sepia: ; --tw-drop-shadow: ; --tw-backdrop-blur: ; --tw-backdrop-brightness: ; --tw-backdrop-contrast: ; --tw-backdrop-grayscale: ; --tw-backdrop-hue-rotate: ; --tw-backdrop-invert: ; --tw-backdrop-opacity: ; --tw-backdrop-saturate: ; --tw-backdrop-sepia: ; --tw-contain-size: ; --tw-contain-layout: ; --tw-contain-paint: ; --tw-contain-style: ; font-weight: 400; color: rgb(13, 13, 13); font-family: ui-sans-serif, -apple-system, system-ui, &quot;Segoe UI&quot;, Roboto, Ubuntu, Cantarell, &quot;Noto Sans&quot;, sans-serif, Helvetica, &quot;Apple Color Emoji&quot;, Arial, &quot;Segoe UI Emoji&quot;, &quot;Segoe UI Symbol&quot;; font-size: 17px; white-space-collapse: preserve; background-color: rgb(0,0,0,); text-decoration-style: initial;\"><span style=\"line-height:1.7;\">Agenda una visita hoy mismo y descubre por qu\u00e9 Raindrop es el colegio de excelencia que tu hijo merece.<\/span><\/span><\/p>\n\n\n<div class=\"wp-block-columns is-layout-flex wp-container-core-columns-is-layout-1 wp-block-columns-is-layout-flex\">\n<div class=\"wp-block-column is-layout-flow wp-block-column-is-layout-flow\" style=\"flex-basis:100%\">\n<div class=\"wp-block-group\"><div class=\"wp-block-group__inner-container is-layout-constrained wp-block-group-is-layout-constrained\">\n<div class=\"wp-block-buttons is-layout-flex wp-container-core-buttons-is-layout-1 wp-block-buttons-is-layout-flex\">\n<div class=\"wp-block-button is-style-fill\"><a class=\"wp-block-button__link wp-element-button\">      55 1722 9045<\/a><\/div>\n<\/div>\n<\/div><\/div>\n<\/div>\n<\/div>\n\n\n\n\n\n\n\n\n\n\n\n\n\n\n\n\n\n\n\n\n\n","protected":false},"excerpt":{"rendered":"","protected":false},"author":1,"featured_media":0,"parent":0,"menu_order":0,"comment_status":"closed","ping_status":"closed","template":"","meta":{"pagelayer_contact_templates":[],"_pagelayer_content":"","footnotes":""},"class_list":["post-12","page","type-page","status-publish","hentry"],"_links":{"self":[{"href":"https:\/\/colegioraindrop.edu.mx\/en\/wp-json\/wp\/v2\/pages\/12"}],"collection":[{"href":"https:\/\/colegioraindrop.edu.mx\/en\/wp-json\/wp\/v2\/pages"}],"about":[{"href":"https:\/\/colegioraindrop.edu.mx\/en\/wp-json\/wp\/v2\/types\/page"}],"author":[{"embeddable":true,"href":"https:\/\/colegioraindrop.edu.mx\/en\/wp-json\/wp\/v2\/users\/1"}],"replies":[{"embeddable":true,"href":"https:\/\/colegioraindrop.edu.mx\/en\/wp-json\/wp\/v2\/comments?post=12"}],"version-history":[{"count":68,"href":"https:\/\/colegioraindrop.edu.mx\/en\/wp-json\/wp\/v2\/pages\/12\/revisions"}],"predecessor-version":[{"id":1930,"href":"https:\/\/colegioraindrop.edu.mx\/en\/wp-json\/wp\/v2\/pages\/12\/revisions\/1930"}],"wp:attachment":[{"href":"https:\/\/colegioraindrop.edu.mx\/en\/wp-json\/wp\/v2\/media?parent=12"}],"curies":[{"name":"wp","href":"https:\/\/api.w.org\/{rel}","templated":true}]}}